{"id":15747,"date":"2025-07-02T16:15:28","date_gmt":"2025-07-02T16:15:28","guid":{"rendered":"https:\/\/cannbismedical.com\/?post_type=product&#038;p=15747"},"modified":"2025-12-05T18:08:51","modified_gmt":"2025-12-05T18:08:51","slug":"blue-ice-roll-on","status":"publish","type":"product","link":"https:\/\/cannbismedical.com\/en\/product\/blue-ice-roll-on\/","title":{"rendered":"Blue Ice Roll-on"},"content":{"rendered":"<div id=\"9a75da4324f7e0d1\" class=\"conversation-container message-actions-hover-boundary ng-star-inserted\">\n<div>\n<div class=\"response-container ng-tns-c1804364523-141 response-container-with-gpi ng-star-inserted\">\n<div class=\"presented-response-container ng-tns-c1804364523-141\">\n<div class=\"response-container-content ng-tns-c1804364523-141\">\n<div class=\"response-content ng-tns-c1804364523-141\">\n<div id=\"model-response-message-contentr_9a75da4324f7e0d1\" class=\"markdown markdown-main-panel enable-updated-hr-color\" dir=\"ltr\">\n<p data-sourcepos=\"17:1-17:270\">Experimenta el alivio instant\u00e1neo y la frescura revitalizante con nuestro Roll-on Blue Ice. Dise\u00f1ado pensando en tu comodidad y recuperaci\u00f3n, este pr\u00e1ctico formato es ideal para quienes buscan una soluci\u00f3n efectiva y f\u00e1cil de aplicar para el dolor muscular y la tensi\u00f3n.<\/p>\n<h4 data-sourcepos=\"19:1-19:54\"><strong>Alivio dirigido, aplicaci\u00f3n sin complicaciones<\/strong><\/h4>\n<p data-sourcepos=\"21:1-21:285\">Olvida las manos grasosas. Gracias a su innovador dise\u00f1o roll-on, puedes aplicar la cantidad justa de producto directamente sobre las zonas afectadas sin ensuciarte. Es perfecto para llevar contigo al gimnasio, al trabajo o de viaje, asegurando que el alivio est\u00e9 siempre a tu alcance.<\/p>\n<h4 data-sourcepos=\"23:1-23:39\"><strong>Prepara y recupera tus m\u00fasculos<\/strong><\/h4>\n<p data-sourcepos=\"25:1-25:289\">Ya sea que te prepares para una intensa sesi\u00f3n de ejercicio o necesites recuperarte despu\u00e9s de un d\u00eda agotador, el Roll-on Blue Ice es tu compa\u00f1ero ideal. Su poderosa f\u00f3rmula proporciona una agradable sensaci\u00f3n de frescura que ayuda a relajar los m\u00fasculos tensos y a aliviar las molestias.<\/p>\n<h4 data-sourcepos=\"27:1-27:49\"><strong>Sensaci\u00f3n refrescante, bienestar duradero<\/strong><\/h4>\n<p data-sourcepos=\"29:1-29:242\">Desde el primer contacto, sentir\u00e1s una ola de frescura que calmar\u00e1 tus m\u00fasculos adoloridos. Este efecto no solo es inmediato, sino que contribuye a una sensaci\u00f3n de alivio prolongado, permiti\u00e9ndote retomar tus actividades con mayor comodidad.<\/p>\n<p data-sourcepos=\"31:1-31:149\">A\u00f1ade el Roll-on Blue Ice a tu rutina y descubre la forma m\u00e1s pr\u00e1ctica y eficaz de mantener tus m\u00fasculos listos para la acci\u00f3n y libres de molestias.<\/p>\n<\/div>\n<\/div>\n<\/div>\n<\/div>\n<div class=\"response-container-footer ng-tns-c1804364523-141\">\n<div class=\"actions-container-v2 ng-tns-c914867678-143\">\n<div class=\"buttons-container-v2 ng-tns-c914867678-143 ng-star-inserted\">\n<div class=\"spacer ng-tns-c914867678-143 ng-star-inserted\"><\/div>\n<\/div>\n<\/div>\n<\/div>\n<\/div>\n<\/div>\n<div class=\"restart-chat-button-scroll-placeholder ng-star-inserted\"><\/div>\n<\/div>\n<div id=\"51261c369fd910d7\" class=\"conversation-container message-actions-hover-boundary ng-star-inserted\">\n<div class=\"user-query-container user-query-bubble-container ng-star-inserted\">\n<div class=\"file-preview-container ng-star-inserted\"><\/div>\n<div id=\"user-query-content-1\" class=\"query-content ng-star-inserted\">\n<div class=\"ng-star-inserted\"><\/div>\n<div class=\"query-text gds-body-l\" dir=\"ltr\" role=\"heading\" aria-level=\"2\">\n<p class=\"query-text-line ng-star-inserted\">\n<\/div>\n<\/div>\n<\/div>\n<\/div>","protected":false},"excerpt":{"rendered":"<p data-sourcepos=\"7:1-7:204\"><strong>Roll-on Blue Ice: Alivio muscular r\u00e1pido y refrescante.<\/strong> Ideal para antes y despu\u00e9s del ejercicio, su f\u00f3rmula de f\u00e1cil aplicaci\u00f3n brinda una sensaci\u00f3n inmediata de frescura y bienestar en tus m\u00fasculos.<\/p>","protected":false},"featured_media":15893,"comment_status":"open","ping_status":"closed","template":"","meta":[],"product_brand":[],"product_cat":[79,93],"product_tag":[82,91,92],"class_list":{"0":"post-15747","1":"product","2":"type-product","3":"status-publish","4":"has-post-thumbnail","6":"product_cat-blue-ice","7":"product_cat-roll-on","8":"product_tag-bienestar","9":"product_tag-blue-ice","10":"product_tag-roll-on","12":"first","13":"instock","14":"shipping-taxable","15":"purchasable","16":"product-type-variable"},"_links":{"self":[{"href":"https:\/\/cannbismedical.com\/en\/wp-json\/wp\/v2\/product\/15747","targetHints":{"allow":["GET"]}}],"collection":[{"href":"https:\/\/cannbismedical.com\/en\/wp-json\/wp\/v2\/product"}],"about":[{"href":"https:\/\/cannbismedical.com\/en\/wp-json\/wp\/v2\/types\/product"}],"replies":[{"embeddable":true,"href":"https:\/\/cannbismedical.com\/en\/wp-json\/wp\/v2\/comments?post=15747"}],"version-history":[{"count":3,"href":"https:\/\/cannbismedical.com\/en\/wp-json\/wp\/v2\/product\/15747\/revisions"}],"predecessor-version":[{"id":15751,"href":"https:\/\/cannbismedical.com\/en\/wp-json\/wp\/v2\/product\/15747\/revisions\/15751"}],"wp:featuredmedia":[{"embeddable":true,"href":"https:\/\/cannbismedical.com\/en\/wp-json\/wp\/v2\/media\/15893"}],"wp:attachment":[{"href":"https:\/\/cannbismedical.com\/en\/wp-json\/wp\/v2\/media?parent=15747"}],"wp:term":[{"taxonomy":"product_brand","embeddable":true,"href":"https:\/\/cannbismedical.com\/en\/wp-json\/wp\/v2\/product_brand?post=15747"},{"taxonomy":"product_cat","embeddable":true,"href":"https:\/\/cannbismedical.com\/en\/wp-json\/wp\/v2\/product_cat?post=15747"},{"taxonomy":"product_tag","embeddable":true,"href":"https:\/\/cannbismedical.com\/en\/wp-json\/wp\/v2\/product_tag?post=15747"}],"curies":[{"name":"wp","href":"https:\/\/api.w.org\/{rel}","templated":true}]}}